{"id":936,"date":"2025-11-26T10:43:46","date_gmt":"2025-11-26T10:43:46","guid":{"rendered":"https:\/\/reachinside.co.uk\/?page_id=936"},"modified":"2025-12-11T09:38:04","modified_gmt":"2025-12-11T09:38:04","slug":"strefa-wiedzy","status":"publish","type":"page","link":"https:\/\/reachinside.co.uk\/en\/strefa-wiedzy\/","title":{"rendered":"Strefa wiedzy"},"content":{"rendered":"<div data-elementor-type=\"wp-page\" data-elementor-id=\"936\" class=\"elementor elementor-936\" data-elementor-post-type=\"page\">\n\t\t\t\t<div class=\"elementor-element elementor-element-53ef5a0 e-flex e-con-boxed e-con e-parent\" data-id=\"53ef5a0\" data-element_type=\"container\">\n\t\t\t\t\t<div class=\"e-con-inner\">\n\t\t\t\t<div class=\"elementor-element elementor-element-f7e110d elementor-grid-3 elementor-grid-tablet-2 elementor-grid-mobile-1 elementor-posts--thumbnail-top elementor-widget elementor-widget-posts\" data-id=\"f7e110d\" data-element_type=\"widget\" data-settings=\"{&quot;classic_columns&quot;:&quot;3&quot;,&quot;classic_columns_tablet&quot;:&quot;2&quot;,&quot;classic_columns_mobile&quot;:&quot;1&quot;,&quot;classic_row_gap&quot;:{&quot;unit&quot;:&quot;px&quot;,&quot;size&quot;:35,&quot;sizes&quot;:[]},&quot;classic_row_gap_tablet&quot;:{&quot;unit&quot;:&quot;px&quot;,&quot;size&quot;:&quot;&quot;,&quot;sizes&quot;:[]},&quot;classic_row_gap_mobile&quot;:{&quot;unit&quot;:&quot;px&quot;,&quot;size&quot;:&quot;&quot;,&quot;sizes&quot;:[]}}\" data-widget_type=\"posts.classic\">\n\t\t\t\t<div class=\"elementor-widget-container\">\n\t\t\t\t\t\t\t<div class=\"elementor-posts-container elementor-posts elementor-posts--skin-classic elementor-grid\" role=\"list\">\n\t\t\t\t<article class=\"elementor-post elementor-grid-item post-1074 post type-post status-publish format-standard has-post-thumbnail hentry category-uncategorised\" role=\"listitem\">\n\t\t\t\t<a class=\"elementor-post__thumbnail__link\" href=\"https:\/\/reachinside.co.uk\/en\/swiateczne-vouchery-z-przestrzeni-serca\/\" tabindex=\"-1\" >\n\t\t\t<div class=\"elementor-post__thumbnail\"><img fetchpriority=\"high\" decoding=\"async\" width=\"200\" height=\"300\" src=\"https:\/\/reachinside.co.uk\/wp-content\/uploads\/2025\/11\/588661841_122226798890275405_1382298807967594955_n-200x300.jpg\" class=\"attachment-medium size-medium wp-image-1076\" alt=\"\" srcset=\"https:\/\/reachinside.co.uk\/wp-content\/uploads\/2025\/11\/588661841_122226798890275405_1382298807967594955_n-200x300.jpg 200w, https:\/\/reachinside.co.uk\/wp-content\/uploads\/2025\/11\/588661841_122226798890275405_1382298807967594955_n-683x1024.jpg 683w, https:\/\/reachinside.co.uk\/wp-content\/uploads\/2025\/11\/588661841_122226798890275405_1382298807967594955_n-768x1152.jpg 768w, https:\/\/reachinside.co.uk\/wp-content\/uploads\/2025\/11\/588661841_122226798890275405_1382298807967594955_n-8x12.jpg 8w, https:\/\/reachinside.co.uk\/wp-content\/uploads\/2025\/11\/588661841_122226798890275405_1382298807967594955_n.jpg 1024w\" sizes=\"(max-width: 200px) 100vw, 200px\" \/><\/div>\n\t\t<\/a>\n\t\t\t\t<div class=\"elementor-post__text\">\n\t\t\t\t<h3 class=\"elementor-post__title\">\n\t\t\t<a href=\"https:\/\/reachinside.co.uk\/en\/swiateczne-vouchery-z-przestrzeni-serca\/\" >\n\t\t\t\t\u015awi\u0105teczne Vouchery z Przestrzeni Serca\t\t\t<\/a>\n\t\t<\/h3>\n\t\t\t\t<div class=\"elementor-post__meta-data\">\n\t\t\t\t\t<span class=\"elementor-post-date\">\n\t\t\t26 November 2025\t\t<\/span>\n\t\t\t\t<span class=\"elementor-post-avatar\">\n\t\t\tNo Comments\t\t<\/span>\n\t\t\t\t<\/div>\n\t\t\t\t<div class=\"elementor-post__excerpt\">\n\t\t\t<p>Prezent, kt\u00f3ry nie ko\u0144czy si\u0119 po rozpakowaniu\u2026 lecz dopiero wtedy zaczyna. W tym szczeg\u00f3lnym czasie, kiedy \u015bwiat zwalnia, a nasze serca przypominaj\u0105 sobie o tym,<\/p>\n\t\t<\/div>\n\t\t\n\t\t<a class=\"elementor-post__read-more\" href=\"https:\/\/reachinside.co.uk\/en\/swiateczne-vouchery-z-przestrzeni-serca\/\" aria-label=\"Read more about \u015awi\u0105teczne Vouchery z Przestrzeni Serca\" tabindex=\"-1\" >\n\t\t\tczytaj wi\u0119cej \u00bb\t\t<\/a>\n\n\t\t\t\t<\/div>\n\t\t\t\t<\/article>\n\t\t\t\t<article class=\"elementor-post elementor-grid-item post-940 post type-post status-publish format-standard has-post-thumbnail hentry category-uncategorised\" role=\"listitem\">\n\t\t\t\t<a class=\"elementor-post__thumbnail__link\" href=\"https:\/\/reachinside.co.uk\/en\/holistica-by-reach-inside-with-agata-terapie-somatyczne-i-transformacyjne\/\" tabindex=\"-1\" >\n\t\t\t<div class=\"elementor-post__thumbnail\"><img decoding=\"async\" width=\"223\" height=\"300\" src=\"https:\/\/reachinside.co.uk\/wp-content\/uploads\/2025\/11\/obraz-1764153668400-223x300.jpg\" class=\"attachment-medium size-medium wp-image-941\" alt=\"\" srcset=\"https:\/\/reachinside.co.uk\/wp-content\/uploads\/2025\/11\/obraz-1764153668400-223x300.jpg 223w, https:\/\/reachinside.co.uk\/wp-content\/uploads\/2025\/11\/obraz-1764153668400-761x1024.jpg 761w, https:\/\/reachinside.co.uk\/wp-content\/uploads\/2025\/11\/obraz-1764153668400-768x1033.jpg 768w, https:\/\/reachinside.co.uk\/wp-content\/uploads\/2025\/11\/obraz-1764153668400-9x12.jpg 9w, https:\/\/reachinside.co.uk\/wp-content\/uploads\/2025\/11\/obraz-1764153668400.jpg 880w\" sizes=\"(max-width: 223px) 100vw, 223px\" \/><\/div>\n\t\t<\/a>\n\t\t\t\t<div class=\"elementor-post__text\">\n\t\t\t\t<h3 class=\"elementor-post__title\">\n\t\t\t<a href=\"https:\/\/reachinside.co.uk\/en\/holistica-by-reach-inside-with-agata-terapie-somatyczne-i-transformacyjne\/\" >\n\t\t\t\tHolistica by Reach Inside with Agata &#8211; Terapie Somatyczne i Transformacyjne\t\t\t<\/a>\n\t\t<\/h3>\n\t\t\t\t<div class=\"elementor-post__meta-data\">\n\t\t\t\t\t<span class=\"elementor-post-date\">\n\t\t\t26 November 2025\t\t<\/span>\n\t\t\t\t<span class=\"elementor-post-avatar\">\n\t\t\tNo Comments\t\t<\/span>\n\t\t\t\t<\/div>\n\t\t\t\t<div class=\"elementor-post__excerpt\">\n\t\t\t<p>O \u015bcie\u017cce, kt\u00f3ra nie zacz\u0119\u0142a si\u0119 od wyboru zawodu, tylko od decyzji, \u017ce porzucam cierpienie. Witam! Mam na imi\u0119 Agata. Jestem terapeutk\u0105 somatycznego uwalniania traum,<\/p>\n\t\t<\/div>\n\t\t\n\t\t<a class=\"elementor-post__read-more\" href=\"https:\/\/reachinside.co.uk\/en\/holistica-by-reach-inside-with-agata-terapie-somatyczne-i-transformacyjne\/\" aria-label=\"Read more about Holistica by Reach Inside with Agata &#8211; Terapie Somatyczne i Transformacyjne\" tabindex=\"-1\" >\n\t\t\tczytaj wi\u0119cej \u00bb\t\t<\/a>\n\n\t\t\t\t<\/div>\n\t\t\t\t<\/article>\n\t\t\t\t<\/div>\n\t\t\n\t\t\t\t\t\t<\/div>\n\t\t\t\t<\/div>\n\t\t\t\t\t<\/div>\n\t\t\t\t<\/div>\n\t\t\t\t<\/div>","protected":false},"excerpt":{"rendered":"","protected":false},"author":2,"featured_media":0,"parent":0,"menu_order":0,"comment_status":"closed","ping_status":"closed","template":"","meta":{"footnotes":""},"class_list":["post-936","page","type-page","status-publish","hentry"],"_links":{"self":[{"href":"https:\/\/reachinside.co.uk\/en\/wp-json\/wp\/v2\/pages\/936","targetHints":{"allow":["GET"]}}],"collection":[{"href":"https:\/\/reachinside.co.uk\/en\/wp-json\/wp\/v2\/pages"}],"about":[{"href":"https:\/\/reachinside.co.uk\/en\/wp-json\/wp\/v2\/types\/page"}],"author":[{"embeddable":true,"href":"https:\/\/reachinside.co.uk\/en\/wp-json\/wp\/v2\/users\/2"}],"replies":[{"embeddable":true,"href":"https:\/\/reachinside.co.uk\/en\/wp-json\/wp\/v2\/comments?post=936"}],"version-history":[{"count":16,"href":"https:\/\/reachinside.co.uk\/en\/wp-json\/wp\/v2\/pages\/936\/revisions"}],"predecessor-version":[{"id":1203,"href":"https:\/\/reachinside.co.uk\/en\/wp-json\/wp\/v2\/pages\/936\/revisions\/1203"}],"wp:attachment":[{"href":"https:\/\/reachinside.co.uk\/en\/wp-json\/wp\/v2\/media?parent=936"}],"curies":[{"name":"wp","href":"https:\/\/api.w.org\/{rel}","templated":true}]}}