{"id":404,"date":"2023-11-10T16:25:52","date_gmt":"2023-11-10T16:25:52","guid":{"rendered":"http:\/\/s714366143.websitehome.co.uk\/reachinside\/?page_id=404"},"modified":"2024-02-02T23:05:47","modified_gmt":"2024-02-02T23:05:47","slug":"wsparcie-dla-rodzicow-i-dzieci-w-komunikacji","status":"publish","type":"page","link":"https:\/\/reachinside.co.uk\/en\/wsparcie-dla-rodzicow-i-dzieci-w-komunikacji\/","title":{"rendered":"Wsparcie Dla Rodzic\u00f3w I Dzieci W Komunikacji"},"content":{"rendered":"<div data-elementor-type=\"wp-page\" data-elementor-id=\"404\" class=\"elementor elementor-404\" data-elementor-post-type=\"page\">\n\t\t\t\t\t\t<section class=\"elementor-section elementor-top-section elementor-element elementor-element-222d8397 elementor-section-full_width elementor-section-height-min-height elementor-section-items-stretch elementor-section-height-default\" data-id=\"222d8397\" data-element_type=\"section\">\n\t\t\t\t\t\t<div class=\"elementor-container elementor-column-gap-default\">\n\t\t\t\t\t<div class=\"elementor-column elementor-col-50 elementor-top-column elementor-element elementor-element-dade6b7\" data-id=\"dade6b7\" data-element_type=\"column\" data-settings=\"{&quot;background_background&quot;:&quot;classic&quot;}\">\n\t\t\t<div class=\"elementor-widget-wrap elementor-element-populated\">\n\t\t\t\t\t\t<div class=\"elementor-element elementor-element-341d3b11 elementor-widget elementor-widget-spacer\" data-id=\"341d3b11\" data-element_type=\"widget\" data-widget_type=\"spacer.default\">\n\t\t\t\t\t\t\t<div class=\"elementor-spacer\">\n\t\t\t<div class=\"elementor-spacer-inner\"><\/div>\n\t\t<\/div>\n\t\t\t\t\t\t<\/div>\n\t\t\t\t\t<\/div>\n\t\t<\/div>\n\t\t\t\t<div class=\"elementor-column elementor-col-50 elementor-top-column elementor-element elementor-element-2af76f1c\" data-id=\"2af76f1c\" data-element_type=\"column\">\n\t\t\t<div class=\"elementor-widget-wrap elementor-element-populated\">\n\t\t\t\t\t\t<div class=\"elementor-element elementor-element-353fbe80 elementor-invisible elementor-widget elementor-widget-heading\" data-id=\"353fbe80\" data-element_type=\"widget\" data-settings=\"{&quot;_animation&quot;:&quot;fadeInUp&quot;}\" data-widget_type=\"heading.default\">\n\t\t\t\t\t<h1 class=\"elementor-heading-title elementor-size-default\">Support for Parents in Communicating with Children:<\/h1>\t\t\t\t<\/div>\n\t\t\t\t<div class=\"elementor-element elementor-element-5c5a77f3 elementor-invisible elementor-widget elementor-widget-text-editor\" data-id=\"5c5a77f3\" data-element_type=\"widget\" data-settings=\"{&quot;_animation&quot;:&quot;fadeInUp&quot;}\" data-widget_type=\"text-editor.default\">\n\t\t\t\t\t\t\t\t\t<p>How to communicate to be understood and listened to. How to build a strong bond between you and your child. Create strong, healthy relationships full of love and mutual respect. Give your child the childhood they deserve and the support they need.&nbsp;<\/p>\t\t\t\t\t\t\t\t<\/div>\n\t\t\t\t\t<\/div>\n\t\t<\/div>\n\t\t\t\t\t<\/div>\n\t\t<\/section>\n\t\t\t\t<\/div>","protected":false},"excerpt":{"rendered":"<p>Wsparcie dla Rodzic\u00f3w w komunikacji z Dzie\u0107mi: Jak komunikowa\u0107 si\u0119, \u017ceby by\u0107 zrozumianym i wys\u0142uchanym. Jak zbudowa\u0107 stabiln\u0105 wi\u0119\u017a mi\u0119dzy Tob\u0105 a Twoim dzieckiem. Stw\u00f3rz silne, zdrowe relacje, pe\u0142ne mi\u0142o\u015bci i wzajemnego szacunku. Podaruj swojemu dziecku dzieci\u0144stwo, na kt\u00f3re zas\u0142uguje i wsparcie kt\u00f3rego potrzebuje.&nbsp;<\/p>","protected":false},"author":2,"featured_media":0,"parent":0,"menu_order":0,"comment_status":"closed","ping_status":"closed","template":"","meta":{"footnotes":""},"class_list":["post-404","page","type-page","status-publish","hentry"],"_links":{"self":[{"href":"https:\/\/reachinside.co.uk\/en\/wp-json\/wp\/v2\/pages\/404","targetHints":{"allow":["GET"]}}],"collection":[{"href":"https:\/\/reachinside.co.uk\/en\/wp-json\/wp\/v2\/pages"}],"about":[{"href":"https:\/\/reachinside.co.uk\/en\/wp-json\/wp\/v2\/types\/page"}],"author":[{"embeddable":true,"href":"https:\/\/reachinside.co.uk\/en\/wp-json\/wp\/v2\/users\/2"}],"replies":[{"embeddable":true,"href":"https:\/\/reachinside.co.uk\/en\/wp-json\/wp\/v2\/comments?post=404"}],"version-history":[{"count":16,"href":"https:\/\/reachinside.co.uk\/en\/wp-json\/wp\/v2\/pages\/404\/revisions"}],"predecessor-version":[{"id":900,"href":"https:\/\/reachinside.co.uk\/en\/wp-json\/wp\/v2\/pages\/404\/revisions\/900"}],"wp:attachment":[{"href":"https:\/\/reachinside.co.uk\/en\/wp-json\/wp\/v2\/media?parent=404"}],"curies":[{"name":"wp","href":"https:\/\/api.w.org\/{rel}","templated":true}]}}