{"id":398,"date":"2023-11-10T16:25:28","date_gmt":"2023-11-10T16:25:28","guid":{"rendered":"http:\/\/s714366143.websitehome.co.uk\/reachinside\/?page_id=398"},"modified":"2024-01-23T23:42:24","modified_gmt":"2024-01-23T23:42:24","slug":"przywracanie-rownowagi-mentalnej","status":"publish","type":"page","link":"https:\/\/reachinside.co.uk\/en\/przywracanie-rownowagi-mentalnej\/","title":{"rendered":"Przywracanie R\u00f3wnowagi Mentalnej"},"content":{"rendered":"<div data-elementor-type=\"wp-page\" data-elementor-id=\"398\" class=\"elementor elementor-398\" data-elementor-post-type=\"page\">\n\t\t\t\t\t\t<section class=\"elementor-section elementor-top-section elementor-element elementor-element-1089ace5 elementor-section-full_width elementor-section-height-min-height elementor-section-items-stretch elementor-section-height-default\" data-id=\"1089ace5\" data-element_type=\"section\">\n\t\t\t\t\t\t<div class=\"elementor-container elementor-column-gap-default\">\n\t\t\t\t\t<div class=\"elementor-column elementor-col-50 elementor-top-column elementor-element elementor-element-1b2165c2\" data-id=\"1b2165c2\" data-element_type=\"column\" data-settings=\"{&quot;background_background&quot;:&quot;classic&quot;}\">\n\t\t\t<div class=\"elementor-widget-wrap elementor-element-populated\">\n\t\t\t\t\t\t<div class=\"elementor-element elementor-element-4be1cb8a elementor-widget elementor-widget-spacer\" data-id=\"4be1cb8a\" data-element_type=\"widget\" data-widget_type=\"spacer.default\">\n\t\t\t\t\t\t\t<div class=\"elementor-spacer\">\n\t\t\t<div class=\"elementor-spacer-inner\"><\/div>\n\t\t<\/div>\n\t\t\t\t\t\t<\/div>\n\t\t\t\t\t<\/div>\n\t\t<\/div>\n\t\t\t\t<div class=\"elementor-column elementor-col-50 elementor-top-column elementor-element elementor-element-6915dc78\" data-id=\"6915dc78\" data-element_type=\"column\">\n\t\t\t<div class=\"elementor-widget-wrap elementor-element-populated\">\n\t\t\t\t\t\t<div class=\"elementor-element elementor-element-51651bf0 elementor-invisible elementor-widget elementor-widget-heading\" data-id=\"51651bf0\" data-element_type=\"widget\" data-settings=\"{&quot;_animation&quot;:&quot;fadeInUp&quot;}\" data-widget_type=\"heading.default\">\n\t\t\t\t\t<h1 class=\"elementor-heading-title elementor-size-default\">Restoring Mental Balance: <\/h1>\t\t\t\t<\/div>\n\t\t\t\t<div class=\"elementor-element elementor-element-6eefb684 elementor-invisible elementor-widget elementor-widget-text-editor\" data-id=\"6eefb684\" data-element_type=\"widget\" data-settings=\"{&quot;_animation&quot;:&quot;fadeInUp&quot;}\" data-widget_type=\"text-editor.default\">\n\t\t\t\t\t\t\t\t\t<p>Find peace of mind and emotional balance. A range of relaxation, meditation, and therapeutic techniques will help you regain inner harmony and balance.<\/p>\t\t\t\t\t\t\t\t<\/div>\n\t\t\t\t\t<\/div>\n\t\t<\/div>\n\t\t\t\t\t<\/div>\n\t\t<\/section>\n\t\t\t\t<\/div>","protected":false},"excerpt":{"rendered":"<p>Przywracanie R\u00f3wnowagi Mentalnej: Odnajd\u017a spok\u00f3j umys\u0142u i r\u00f3wnowag\u0119 emocjonaln\u0105. Wachlarz technik relaksacyjnych, medytacyjnych i terapeutycznych pomo\u017ce Ci odzyska\u0107 wewn\u0119trzn\u0105 harmoni\u0119 i balans.<\/p>","protected":false},"author":2,"featured_media":0,"parent":0,"menu_order":0,"comment_status":"closed","ping_status":"closed","template":"","meta":{"footnotes":""},"class_list":["post-398","page","type-page","status-publish","hentry"],"_links":{"self":[{"href":"https:\/\/reachinside.co.uk\/en\/wp-json\/wp\/v2\/pages\/398","targetHints":{"allow":["GET"]}}],"collection":[{"href":"https:\/\/reachinside.co.uk\/en\/wp-json\/wp\/v2\/pages"}],"about":[{"href":"https:\/\/reachinside.co.uk\/en\/wp-json\/wp\/v2\/types\/page"}],"author":[{"embeddable":true,"href":"https:\/\/reachinside.co.uk\/en\/wp-json\/wp\/v2\/users\/2"}],"replies":[{"embeddable":true,"href":"https:\/\/reachinside.co.uk\/en\/wp-json\/wp\/v2\/comments?post=398"}],"version-history":[{"count":16,"href":"https:\/\/reachinside.co.uk\/en\/wp-json\/wp\/v2\/pages\/398\/revisions"}],"predecessor-version":[{"id":715,"href":"https:\/\/reachinside.co.uk\/en\/wp-json\/wp\/v2\/pages\/398\/revisions\/715"}],"wp:attachment":[{"href":"https:\/\/reachinside.co.uk\/en\/wp-json\/wp\/v2\/media?parent=398"}],"curies":[{"name":"wp","href":"https:\/\/api.w.org\/{rel}","templated":true}]}}