{"id":389,"date":"2023-11-10T16:24:44","date_gmt":"2023-11-10T16:24:44","guid":{"rendered":"http:\/\/s714366143.websitehome.co.uk\/reachinside\/?page_id=389"},"modified":"2024-02-01T21:15:38","modified_gmt":"2024-02-01T21:15:38","slug":"mentoring","status":"publish","type":"page","link":"https:\/\/reachinside.co.uk\/en\/mentoring\/","title":{"rendered":"Mentoring"},"content":{"rendered":"<div data-elementor-type=\"wp-page\" data-elementor-id=\"389\" class=\"elementor elementor-389\" data-elementor-post-type=\"page\">\n\t\t\t\t\t\t<section class=\"elementor-section elementor-top-section elementor-element elementor-element-1f7fe8d6 elementor-section-full_width elementor-section-height-min-height elementor-section-items-stretch elementor-section-height-default\" data-id=\"1f7fe8d6\" data-element_type=\"section\">\n\t\t\t\t\t\t<div class=\"elementor-container elementor-column-gap-default\">\n\t\t\t\t\t<div class=\"elementor-column elementor-col-50 elementor-top-column elementor-element elementor-element-54d8c522\" data-id=\"54d8c522\" data-element_type=\"column\" data-settings=\"{&quot;background_background&quot;:&quot;classic&quot;}\">\n\t\t\t<div class=\"elementor-widget-wrap elementor-element-populated\">\n\t\t\t\t\t\t<div class=\"elementor-element elementor-element-3a24a67f elementor-widget elementor-widget-spacer\" data-id=\"3a24a67f\" data-element_type=\"widget\" data-widget_type=\"spacer.default\">\n\t\t\t\t\t\t\t<div class=\"elementor-spacer\">\n\t\t\t<div class=\"elementor-spacer-inner\"><\/div>\n\t\t<\/div>\n\t\t\t\t\t\t<\/div>\n\t\t\t\t\t<\/div>\n\t\t<\/div>\n\t\t\t\t<div class=\"elementor-column elementor-col-50 elementor-top-column elementor-element elementor-element-7d80c310\" data-id=\"7d80c310\" data-element_type=\"column\">\n\t\t\t<div class=\"elementor-widget-wrap elementor-element-populated\">\n\t\t\t\t\t\t<div class=\"elementor-element elementor-element-4aa3e8f0 elementor-invisible elementor-widget elementor-widget-heading\" data-id=\"4aa3e8f0\" data-element_type=\"widget\" data-settings=\"{&quot;_animation&quot;:&quot;fadeInUp&quot;}\" data-widget_type=\"heading.default\">\n\t\t\t\t\t<h1 class=\"elementor-heading-title elementor-size-default\">Mentoring:<\/h1>\t\t\t\t<\/div>\n\t\t\t\t<div class=\"elementor-element elementor-element-2dc60811 elementor-invisible elementor-widget elementor-widget-text-editor\" data-id=\"2dc60811\" data-element_type=\"widget\" data-settings=\"{&quot;_animation&quot;:&quot;fadeInUp&quot;}\" data-widget_type=\"text-editor.default\">\n\t\t\t\t\t\t\t\t\t<p>Develop yourself under the wings of an experienced mentor. My mentoring program will provide you with the support, knowledge, and motivation necessary to achieve personal and professional success. It's your chance with unlimited potential for growth and success.<\/p>\t\t\t\t\t\t\t\t<\/div>\n\t\t\t\t\t<\/div>\n\t\t<\/div>\n\t\t\t\t\t<\/div>\n\t\t<\/section>\n\t\t\t\t<\/div>","protected":false},"excerpt":{"rendered":"<p>Mentoring: Rozwijaj si\u0119 pod skrzyd\u0142ami do\u015bwiadczonego mentora. M\u00f3j program mentoringowy zapewni Ci wsparcie, wiedz\u0119 i motywacj\u0119 niezb\u0119dn\u0105 do osi\u0105gni\u0119cia osobistych i zawodowych sukces\u00f3w. To Twoja szansa z nieograniczonym potencja\u0142em na rozw\u00f3j i osi\u0105gni\u0119cie sukcesu.<\/p>","protected":false},"author":2,"featured_media":0,"parent":0,"menu_order":0,"comment_status":"closed","ping_status":"closed","template":"","meta":{"footnotes":""},"class_list":["post-389","page","type-page","status-publish","hentry"],"_links":{"self":[{"href":"https:\/\/reachinside.co.uk\/en\/wp-json\/wp\/v2\/pages\/389","targetHints":{"allow":["GET"]}}],"collection":[{"href":"https:\/\/reachinside.co.uk\/en\/wp-json\/wp\/v2\/pages"}],"about":[{"href":"https:\/\/reachinside.co.uk\/en\/wp-json\/wp\/v2\/types\/page"}],"author":[{"embeddable":true,"href":"https:\/\/reachinside.co.uk\/en\/wp-json\/wp\/v2\/users\/2"}],"replies":[{"embeddable":true,"href":"https:\/\/reachinside.co.uk\/en\/wp-json\/wp\/v2\/comments?post=389"}],"version-history":[{"count":19,"href":"https:\/\/reachinside.co.uk\/en\/wp-json\/wp\/v2\/pages\/389\/revisions"}],"predecessor-version":[{"id":835,"href":"https:\/\/reachinside.co.uk\/en\/wp-json\/wp\/v2\/pages\/389\/revisions\/835"}],"wp:attachment":[{"href":"https:\/\/reachinside.co.uk\/en\/wp-json\/wp\/v2\/media?parent=389"}],"curies":[{"name":"wp","href":"https:\/\/api.w.org\/{rel}","templated":true}]}}