{"id":383,"date":"2023-11-10T16:23:51","date_gmt":"2023-11-10T16:23:51","guid":{"rendered":"http:\/\/s714366143.websitehome.co.uk\/reachinside\/?page_id=383"},"modified":"2024-02-01T21:08:43","modified_gmt":"2024-02-01T21:08:43","slug":"odnajdywanie-zrodla-chorob","status":"publish","type":"page","link":"https:\/\/reachinside.co.uk\/en\/odnajdywanie-zrodla-chorob\/","title":{"rendered":"Odnajdywanie \u0179r\u00f3d\u0142a Chor\u00f3b"},"content":{"rendered":"<div data-elementor-type=\"wp-page\" data-elementor-id=\"383\" class=\"elementor elementor-383\" data-elementor-post-type=\"page\">\n\t\t\t\t\t\t<section class=\"elementor-section elementor-top-section elementor-element elementor-element-1a009b5f elementor-section-full_width elementor-section-height-min-height elementor-section-items-stretch elementor-section-height-default\" data-id=\"1a009b5f\" data-element_type=\"section\">\n\t\t\t\t\t\t<div class=\"elementor-container elementor-column-gap-default\">\n\t\t\t\t\t<div class=\"elementor-column elementor-col-50 elementor-top-column elementor-element elementor-element-67d0c0bb\" data-id=\"67d0c0bb\" data-element_type=\"column\" data-settings=\"{&quot;background_background&quot;:&quot;classic&quot;}\">\n\t\t\t<div class=\"elementor-widget-wrap elementor-element-populated\">\n\t\t\t\t\t\t<div class=\"elementor-element elementor-element-72c309c elementor-widget elementor-widget-spacer\" data-id=\"72c309c\" data-element_type=\"widget\" data-widget_type=\"spacer.default\">\n\t\t\t\t\t\t\t<div class=\"elementor-spacer\">\n\t\t\t<div class=\"elementor-spacer-inner\"><\/div>\n\t\t<\/div>\n\t\t\t\t\t\t<\/div>\n\t\t\t\t\t<\/div>\n\t\t<\/div>\n\t\t\t\t<div class=\"elementor-column elementor-col-50 elementor-top-column elementor-element elementor-element-3a5ac2b3\" data-id=\"3a5ac2b3\" data-element_type=\"column\">\n\t\t\t<div class=\"elementor-widget-wrap elementor-element-populated\">\n\t\t\t\t\t\t<div class=\"elementor-element elementor-element-6c49afb3 elementor-invisible elementor-widget elementor-widget-heading\" data-id=\"6c49afb3\" data-element_type=\"widget\" data-settings=\"{&quot;_animation&quot;:&quot;fadeInUp&quot;}\" data-widget_type=\"heading.default\">\n\t\t\t\t\t<h1 class=\"elementor-heading-title elementor-size-default\">Finding the Source of Illness:<\/h1>\t\t\t\t<\/div>\n\t\t\t\t<div class=\"elementor-element elementor-element-6d287a9d elementor-invisible elementor-widget elementor-widget-text-editor\" data-id=\"6d287a9d\" data-element_type=\"widget\" data-settings=\"{&quot;_animation&quot;:&quot;fadeInUp&quot;}\" data-widget_type=\"text-editor.default\">\n\t\t\t\t\t\t\t\t\t<p>Understanding the source of your discomfort is the key to health. My holistic approach will help you identify both physical and emotional causes of illnesses, opening the path to health and well-being.<\/p>\t\t\t\t\t\t\t\t<\/div>\n\t\t\t\t\t<\/div>\n\t\t<\/div>\n\t\t\t\t\t<\/div>\n\t\t<\/section>\n\t\t\t\t<\/div>","protected":false},"excerpt":{"rendered":"<p>Odnajdywanie \u0179r\u00f3d\u0142a Chor\u00f3b: Zrozumienie \u017ar\u00f3d\u0142a Twoich dolegliwo\u015bci to klucz do zdrowia. Moje holistyczne podej\u015bcie pomo\u017ce Ci zidentyfikowa\u0107 zar\u00f3wno fizyczne, jak i emocjonalne przyczyny chor\u00f3b, otwieraj\u0105c drog\u0119 do zdrowia i dobrego samopoczucia.<\/p>","protected":false},"author":2,"featured_media":0,"parent":0,"menu_order":0,"comment_status":"closed","ping_status":"closed","template":"","meta":{"footnotes":""},"class_list":["post-383","page","type-page","status-publish","hentry"],"_links":{"self":[{"href":"https:\/\/reachinside.co.uk\/en\/wp-json\/wp\/v2\/pages\/383","targetHints":{"allow":["GET"]}}],"collection":[{"href":"https:\/\/reachinside.co.uk\/en\/wp-json\/wp\/v2\/pages"}],"about":[{"href":"https:\/\/reachinside.co.uk\/en\/wp-json\/wp\/v2\/types\/page"}],"author":[{"embeddable":true,"href":"https:\/\/reachinside.co.uk\/en\/wp-json\/wp\/v2\/users\/2"}],"replies":[{"embeddable":true,"href":"https:\/\/reachinside.co.uk\/en\/wp-json\/wp\/v2\/comments?post=383"}],"version-history":[{"count":28,"href":"https:\/\/reachinside.co.uk\/en\/wp-json\/wp\/v2\/pages\/383\/revisions"}],"predecessor-version":[{"id":828,"href":"https:\/\/reachinside.co.uk\/en\/wp-json\/wp\/v2\/pages\/383\/revisions\/828"}],"wp:attachment":[{"href":"https:\/\/reachinside.co.uk\/en\/wp-json\/wp\/v2\/media?parent=383"}],"curies":[{"name":"wp","href":"https:\/\/api.w.org\/{rel}","templated":true}]}}