{"id":380,"date":"2023-11-10T16:23:33","date_gmt":"2023-11-10T16:23:33","guid":{"rendered":"http:\/\/s714366143.websitehome.co.uk\/reachinside\/?page_id=380"},"modified":"2023-11-29T11:53:14","modified_gmt":"2023-11-29T11:53:14","slug":"wsparcie-w-rozwoju-biznesu","status":"publish","type":"page","link":"https:\/\/reachinside.co.uk\/en\/wsparcie-w-rozwoju-biznesu\/","title":{"rendered":"Wsparcie W Rozwoju Biznesu"},"content":{"rendered":"<div data-elementor-type=\"wp-page\" data-elementor-id=\"380\" class=\"elementor elementor-380\" data-elementor-post-type=\"page\">\n\t\t\t\t\t\t<section class=\"elementor-section elementor-top-section elementor-element elementor-element-7eaa7404 elementor-section-full_width elementor-section-height-min-height elementor-section-items-stretch elementor-section-height-default\" data-id=\"7eaa7404\" data-element_type=\"section\">\n\t\t\t\t\t\t<div class=\"elementor-container elementor-column-gap-default\">\n\t\t\t\t\t<div class=\"elementor-column elementor-col-50 elementor-top-column elementor-element elementor-element-7ec36d14\" data-id=\"7ec36d14\" data-element_type=\"column\" data-settings=\"{&quot;background_background&quot;:&quot;classic&quot;}\">\n\t\t\t<div class=\"elementor-widget-wrap elementor-element-populated\">\n\t\t\t\t\t\t<div class=\"elementor-element elementor-element-12b06241 elementor-widget elementor-widget-spacer\" data-id=\"12b06241\" data-element_type=\"widget\" data-widget_type=\"spacer.default\">\n\t\t\t\t\t\t\t<div class=\"elementor-spacer\">\n\t\t\t<div class=\"elementor-spacer-inner\"><\/div>\n\t\t<\/div>\n\t\t\t\t\t\t<\/div>\n\t\t\t\t\t<\/div>\n\t\t<\/div>\n\t\t\t\t<div class=\"elementor-column elementor-col-50 elementor-top-column elementor-element elementor-element-14ed08d3\" data-id=\"14ed08d3\" data-element_type=\"column\">\n\t\t\t<div class=\"elementor-widget-wrap elementor-element-populated\">\n\t\t\t\t\t\t<div class=\"elementor-element elementor-element-2a7742c elementor-invisible elementor-widget elementor-widget-heading\" data-id=\"2a7742c\" data-element_type=\"widget\" data-settings=\"{&quot;_animation&quot;:&quot;fadeInUp&quot;}\" data-widget_type=\"heading.default\">\n\t\t\t\t\t<h1 class=\"elementor-heading-title elementor-size-default\">Business Development Support:<\/h1>\t\t\t\t<\/div>\n\t\t\t\t<div class=\"elementor-element elementor-element-4545364f elementor-invisible elementor-widget elementor-widget-text-editor\" data-id=\"4545364f\" data-element_type=\"widget\" data-settings=\"{&quot;_animation&quot;:&quot;fadeInUp&quot;}\" data-widget_type=\"text-editor.default\">\n\t\t\t\t\t\t\t\t\t<p>Enhance the efficiency and success of your business with our professional support. Our consultancy and mentoring will provide you with the tools and knowledge necessary to develop your business. It's a step towards achieving your professional goals.<\/p>\t\t\t\t\t\t\t\t<\/div>\n\t\t\t\t\t<\/div>\n\t\t<\/div>\n\t\t\t\t\t<\/div>\n\t\t<\/section>\n\t\t\t\t<\/div>","protected":false},"excerpt":{"rendered":"<p>Wsparcie w Rozwoju Biznesu: Zwi\u0119ksz efektywno\u015b\u0107 i sukces Twojego biznesu dzi\u0119ki naszemu profesjonalnemu wsparciu. Nasze doradztwo i mentoring zapewni\u0105 Ci narz\u0119dzia i wiedz\u0119 niezb\u0119dn\u0105 do rozwijania Twojej dzia\u0142alno\u015bci. To krok w stron\u0119 osi\u0105gni\u0119cia Twoich zawodowych cel\u00f3w.<\/p>","protected":false},"author":2,"featured_media":0,"parent":0,"menu_order":0,"comment_status":"closed","ping_status":"closed","template":"","meta":{"footnotes":""},"class_list":["post-380","page","type-page","status-publish","hentry"],"_links":{"self":[{"href":"https:\/\/reachinside.co.uk\/en\/wp-json\/wp\/v2\/pages\/380","targetHints":{"allow":["GET"]}}],"collection":[{"href":"https:\/\/reachinside.co.uk\/en\/wp-json\/wp\/v2\/pages"}],"about":[{"href":"https:\/\/reachinside.co.uk\/en\/wp-json\/wp\/v2\/types\/page"}],"author":[{"embeddable":true,"href":"https:\/\/reachinside.co.uk\/en\/wp-json\/wp\/v2\/users\/2"}],"replies":[{"embeddable":true,"href":"https:\/\/reachinside.co.uk\/en\/wp-json\/wp\/v2\/comments?post=380"}],"version-history":[{"count":16,"href":"https:\/\/reachinside.co.uk\/en\/wp-json\/wp\/v2\/pages\/380\/revisions"}],"predecessor-version":[{"id":609,"href":"https:\/\/reachinside.co.uk\/en\/wp-json\/wp\/v2\/pages\/380\/revisions\/609"}],"wp:attachment":[{"href":"https:\/\/reachinside.co.uk\/en\/wp-json\/wp\/v2\/media?parent=380"}],"curies":[{"name":"wp","href":"https:\/\/api.w.org\/{rel}","templated":true}]}}