{"id":377,"date":"2023-11-10T16:22:45","date_gmt":"2023-11-10T16:22:45","guid":{"rendered":"http:\/\/s714366143.websitehome.co.uk\/reachinside\/?page_id=377"},"modified":"2024-01-23T23:48:10","modified_gmt":"2024-01-23T23:48:10","slug":"wzmacnianie-potencjalu","status":"publish","type":"page","link":"https:\/\/reachinside.co.uk\/en\/wzmacnianie-potencjalu\/","title":{"rendered":"Wzmacnianie Potencja\u0142u"},"content":{"rendered":"<div data-elementor-type=\"wp-page\" data-elementor-id=\"377\" class=\"elementor elementor-377\" data-elementor-post-type=\"page\">\n\t\t\t\t\t\t<section class=\"elementor-section elementor-top-section elementor-element elementor-element-56c33d87 elementor-section-full_width elementor-section-height-min-height elementor-section-items-stretch elementor-section-height-default\" data-id=\"56c33d87\" data-element_type=\"section\">\n\t\t\t\t\t\t<div class=\"elementor-container elementor-column-gap-default\">\n\t\t\t\t\t<div class=\"elementor-column elementor-col-50 elementor-top-column elementor-element elementor-element-1f541f3b\" data-id=\"1f541f3b\" data-element_type=\"column\" data-settings=\"{&quot;background_background&quot;:&quot;classic&quot;}\">\n\t\t\t<div class=\"elementor-widget-wrap elementor-element-populated\">\n\t\t\t\t\t\t<div class=\"elementor-element elementor-element-3daeadbb elementor-widget elementor-widget-spacer\" data-id=\"3daeadbb\" data-element_type=\"widget\" data-widget_type=\"spacer.default\">\n\t\t\t\t\t\t\t<div class=\"elementor-spacer\">\n\t\t\t<div class=\"elementor-spacer-inner\"><\/div>\n\t\t<\/div>\n\t\t\t\t\t\t<\/div>\n\t\t\t\t\t<\/div>\n\t\t<\/div>\n\t\t\t\t<div class=\"elementor-column elementor-col-50 elementor-top-column elementor-element elementor-element-4c9ef91d\" data-id=\"4c9ef91d\" data-element_type=\"column\">\n\t\t\t<div class=\"elementor-widget-wrap elementor-element-populated\">\n\t\t\t\t\t\t<div class=\"elementor-element elementor-element-575dda6c elementor-invisible elementor-widget elementor-widget-heading\" data-id=\"575dda6c\" data-element_type=\"widget\" data-settings=\"{&quot;_animation&quot;:&quot;fadeInUp&quot;}\" data-widget_type=\"heading.default\">\n\t\t\t\t\t<h1 class=\"elementor-heading-title elementor-size-default\">Boosting Potential:<\/h1>\t\t\t\t<\/div>\n\t\t\t\t<div class=\"elementor-element elementor-element-2ddd867f elementor-invisible elementor-widget elementor-widget-text-editor\" data-id=\"2ddd867f\" data-element_type=\"widget\" data-settings=\"{&quot;_animation&quot;:&quot;fadeInUp&quot;}\" data-widget_type=\"text-editor.default\">\n\t\t\t\t\t\t\t\t\t<p>Discover and develop your untapped potential. The coaching program I have created for you will help you fulfill your hidden dreams and ambitions, utilizing your unique talents and capabilities. It's your chance for a life full of success and fulfillment.<\/p>\t\t\t\t\t\t\t\t<\/div>\n\t\t\t\t\t<\/div>\n\t\t<\/div>\n\t\t\t\t\t<\/div>\n\t\t<\/section>\n\t\t\t\t<\/div>","protected":false},"excerpt":{"rendered":"<p>Wzmacnianie Potencja\u0142u: Odkryj i rozwijaj sw\u00f3j niewykorzystany potencja\u0142.&nbsp; Program coachingowy, kt\u00f3ry stworzy\u0142am dla Ciebie pomo\u017ce Ci zrealizowa\u0107 skryte marzenia i ambicje, wykorzystuj\u0105c Twoje unikalne talenty i mo\u017cliwo\u015bci. To Twoja szansa na \u017cycie pe\u0142ne sukces\u00f3w i spe\u0142nienia.<\/p>","protected":false},"author":2,"featured_media":0,"parent":0,"menu_order":0,"comment_status":"closed","ping_status":"closed","template":"","meta":{"footnotes":""},"class_list":["post-377","page","type-page","status-publish","hentry"],"_links":{"self":[{"href":"https:\/\/reachinside.co.uk\/en\/wp-json\/wp\/v2\/pages\/377","targetHints":{"allow":["GET"]}}],"collection":[{"href":"https:\/\/reachinside.co.uk\/en\/wp-json\/wp\/v2\/pages"}],"about":[{"href":"https:\/\/reachinside.co.uk\/en\/wp-json\/wp\/v2\/types\/page"}],"author":[{"embeddable":true,"href":"https:\/\/reachinside.co.uk\/en\/wp-json\/wp\/v2\/users\/2"}],"replies":[{"embeddable":true,"href":"https:\/\/reachinside.co.uk\/en\/wp-json\/wp\/v2\/comments?post=377"}],"version-history":[{"count":13,"href":"https:\/\/reachinside.co.uk\/en\/wp-json\/wp\/v2\/pages\/377\/revisions"}],"predecessor-version":[{"id":719,"href":"https:\/\/reachinside.co.uk\/en\/wp-json\/wp\/v2\/pages\/377\/revisions\/719"}],"wp:attachment":[{"href":"https:\/\/reachinside.co.uk\/en\/wp-json\/wp\/v2\/media?parent=377"}],"curies":[{"name":"wp","href":"https:\/\/api.w.org\/{rel}","templated":true}]}}