{"id":367,"date":"2023-11-10T16:20:10","date_gmt":"2023-11-10T16:20:10","guid":{"rendered":"http:\/\/s714366143.websitehome.co.uk\/reachinside\/?page_id=367"},"modified":"2024-02-01T21:27:11","modified_gmt":"2024-02-01T21:27:11","slug":"sciaganie-blokad-rodowych","status":"publish","type":"page","link":"https:\/\/reachinside.co.uk\/en\/sciaganie-blokad-rodowych\/","title":{"rendered":"\u015aci\u0105ganie Blokad Rodowych"},"content":{"rendered":"<div data-elementor-type=\"wp-page\" data-elementor-id=\"367\" class=\"elementor elementor-367\" data-elementor-post-type=\"page\">\n\t\t\t\t\t\t<section class=\"elementor-section elementor-top-section elementor-element elementor-element-54cf3903 elementor-section-full_width elementor-section-height-min-height elementor-section-items-stretch elementor-section-height-default\" data-id=\"54cf3903\" data-element_type=\"section\" data-e-type=\"section\">\n\t\t\t\t\t\t<div class=\"elementor-container elementor-column-gap-default\">\n\t\t\t\t\t<div class=\"elementor-column elementor-col-50 elementor-top-column elementor-element elementor-element-7fcde140\" data-id=\"7fcde140\" data-element_type=\"column\" data-e-type=\"column\" data-settings=\"{&quot;background_background&quot;:&quot;classic&quot;}\">\n\t\t\t<div class=\"elementor-widget-wrap elementor-element-populated\">\n\t\t\t\t\t\t<div class=\"elementor-element elementor-element-6fd3f712 elementor-widget elementor-widget-spacer\" data-id=\"6fd3f712\" data-element_type=\"widget\" data-e-type=\"widget\" data-widget_type=\"spacer.default\">\n\t\t\t\t\t\t\t<div class=\"elementor-spacer\">\n\t\t\t<div class=\"elementor-spacer-inner\"><\/div>\n\t\t<\/div>\n\t\t\t\t\t\t<\/div>\n\t\t\t\t\t<\/div>\n\t\t<\/div>\n\t\t\t\t<div class=\"elementor-column elementor-col-50 elementor-top-column elementor-element elementor-element-a22c0e8\" data-id=\"a22c0e8\" data-element_type=\"column\" data-e-type=\"column\">\n\t\t\t<div class=\"elementor-widget-wrap elementor-element-populated\">\n\t\t\t\t\t\t<div class=\"elementor-element elementor-element-7d9347c7 elementor-invisible elementor-widget elementor-widget-heading\" data-id=\"7d9347c7\" data-element_type=\"widget\" data-e-type=\"widget\" data-settings=\"{&quot;_animation&quot;:&quot;fadeInUp&quot;}\" data-widget_type=\"heading.default\">\n\t\t\t\t\t<h1 class=\"elementor-heading-title elementor-size-default\">Clearing Ancestral Blocks:<\/h1>\t\t\t\t<\/div>\n\t\t\t\t<div class=\"elementor-element elementor-element-117a67c7 elementor-invisible elementor-widget elementor-widget-text-editor\" data-id=\"117a67c7\" data-element_type=\"widget\" data-e-type=\"widget\" data-settings=\"{&quot;_animation&quot;:&quot;fadeInUp&quot;}\" data-widget_type=\"text-editor.default\">\n\t\t\t\t\t\t\t\t\t<p>Discover deeply rooted ancestral blocks and free yourself from them to live life to the fullest. They can limit your growth. I will help you identify and eliminate negative emotional patterns, familial traumas that are passed down from generation to generation.<\/p>\t\t\t\t\t\t\t\t<\/div>\n\t\t\t\t\t<\/div>\n\t\t<\/div>\n\t\t\t\t\t<\/div>\n\t\t<\/section>\n\t\t\t\t<\/div>","protected":false},"excerpt":{"rendered":"<p>\u015aci\u0105ganie Blokad Rodowych: Odkryj g\u0142\u0119boko zakorzenione blokady rodowe i uwolnij si\u0119 od nich, aby \u017cy\u0107 pe\u0142ni\u0105 \u017cycia. Mog\u0105 one ogranicza\u0107 Tw\u00f3j rozw\u00f3j. Pomog\u0119 Ci zidentyfikowa\u0107 i wyeliminowa\u0107 negatywne wzorce emocjonalne, rodzinne traumy, kt\u00f3re s\u0105 przekazywane z pokolenia na pokolenie.<\/p>","protected":false},"author":2,"featured_media":0,"parent":0,"menu_order":0,"comment_status":"closed","ping_status":"closed","template":"","meta":{"footnotes":""},"class_list":["post-367","page","type-page","status-publish","hentry"],"_links":{"self":[{"href":"https:\/\/reachinside.co.uk\/en\/wp-json\/wp\/v2\/pages\/367","targetHints":{"allow":["GET"]}}],"collection":[{"href":"https:\/\/reachinside.co.uk\/en\/wp-json\/wp\/v2\/pages"}],"about":[{"href":"https:\/\/reachinside.co.uk\/en\/wp-json\/wp\/v2\/types\/page"}],"author":[{"embeddable":true,"href":"https:\/\/reachinside.co.uk\/en\/wp-json\/wp\/v2\/users\/2"}],"replies":[{"embeddable":true,"href":"https:\/\/reachinside.co.uk\/en\/wp-json\/wp\/v2\/comments?post=367"}],"version-history":[{"count":20,"href":"https:\/\/reachinside.co.uk\/en\/wp-json\/wp\/v2\/pages\/367\/revisions"}],"predecessor-version":[{"id":838,"href":"https:\/\/reachinside.co.uk\/en\/wp-json\/wp\/v2\/pages\/367\/revisions\/838"}],"wp:attachment":[{"href":"https:\/\/reachinside.co.uk\/en\/wp-json\/wp\/v2\/media?parent=367"}],"curies":[{"name":"wp","href":"https:\/\/api.w.org\/{rel}","templated":true}]}}