{"id":350,"date":"2023-11-10T16:08:42","date_gmt":"2023-11-10T16:08:42","guid":{"rendered":"http:\/\/s714366143.websitehome.co.uk\/reachinside\/?page_id=350"},"modified":"2023-11-29T11:56:28","modified_gmt":"2023-11-29T11:56:28","slug":"biohacking","status":"publish","type":"page","link":"https:\/\/reachinside.co.uk\/en\/biohacking\/","title":{"rendered":"Biohacking"},"content":{"rendered":"<div data-elementor-type=\"wp-page\" data-elementor-id=\"350\" class=\"elementor elementor-350\" data-elementor-post-type=\"page\">\n\t\t\t\t\t\t<section class=\"elementor-section elementor-top-section elementor-element elementor-element-6cb678c1 elementor-section-full_width elementor-section-height-min-height elementor-section-items-stretch elementor-section-height-default\" data-id=\"6cb678c1\" data-element_type=\"section\">\n\t\t\t\t\t\t<div class=\"elementor-container elementor-column-gap-default\">\n\t\t\t\t\t<div class=\"elementor-column elementor-col-50 elementor-top-column elementor-element elementor-element-7b6a7627\" data-id=\"7b6a7627\" data-element_type=\"column\" data-settings=\"{&quot;background_background&quot;:&quot;classic&quot;}\">\n\t\t\t<div class=\"elementor-widget-wrap elementor-element-populated\">\n\t\t\t\t\t\t<div class=\"elementor-element elementor-element-3d53a63a elementor-widget elementor-widget-spacer\" data-id=\"3d53a63a\" data-element_type=\"widget\" data-widget_type=\"spacer.default\">\n\t\t\t\t\t\t\t<div class=\"elementor-spacer\">\n\t\t\t<div class=\"elementor-spacer-inner\"><\/div>\n\t\t<\/div>\n\t\t\t\t\t\t<\/div>\n\t\t\t\t\t<\/div>\n\t\t<\/div>\n\t\t\t\t<div class=\"elementor-column elementor-col-50 elementor-top-column elementor-element elementor-element-1e5fe42a\" data-id=\"1e5fe42a\" data-element_type=\"column\">\n\t\t\t<div class=\"elementor-widget-wrap elementor-element-populated\">\n\t\t\t\t\t\t<div class=\"elementor-element elementor-element-bd5ab6f elementor-invisible elementor-widget elementor-widget-heading\" data-id=\"bd5ab6f\" data-element_type=\"widget\" data-settings=\"{&quot;_animation&quot;:&quot;fadeInUp&quot;}\" data-widget_type=\"heading.default\">\n\t\t\t\t\t<h1 class=\"elementor-heading-title elementor-size-default\">Biohacking:<\/h1>\t\t\t\t<\/div>\n\t\t\t\t<div class=\"elementor-element elementor-element-3794e53c elementor-invisible elementor-widget elementor-widget-text-editor\" data-id=\"3794e53c\" data-element_type=\"widget\" data-settings=\"{&quot;_animation&quot;:&quot;fadeInUp&quot;}\" data-widget_type=\"text-editor.default\">\n\t\t\t\t\t\t\t\t\t<p>Do you feel like your body and mind need optimization? Biohacking is your personal revolution. Utilize the latest discoveries in health and well-being to increase your energy, improve sleep quality, and enhance concentration. It's not just a change \u2013 it's a transformation that will allow you to rediscover the joy of life.<\/p>\t\t\t\t\t\t\t\t<\/div>\n\t\t\t\t\t<\/div>\n\t\t<\/div>\n\t\t\t\t\t<\/div>\n\t\t<\/section>\n\t\t\t\t<\/div>","protected":false},"excerpt":{"rendered":"<p>Biohacking: Czy czujesz, \u017ce Twoje cia\u0142o i umys\u0142 potrzebuj\u0105 optymalizacji? Biohacking to Twoja osobista rewolucja. Wykorzystaj najnowsze odkrycia w dziedzinie zdrowia i dobrego samopoczucia, aby zwi\u0119kszy\u0107 swoj\u0105 energi\u0119, poprawi\u0107 jako\u015b\u0107 snu i wzmocni\u0107 koncentracj\u0119. To nie tylko zmiana \u2013 to transformacja, kt\u00f3ra pozwoli Ci cieszy\u0107 si\u0119 \u017cyciem na nowo.<\/p>","protected":false},"author":2,"featured_media":0,"parent":0,"menu_order":0,"comment_status":"closed","ping_status":"closed","template":"","meta":{"footnotes":""},"class_list":["post-350","page","type-page","status-publish","hentry"],"_links":{"self":[{"href":"https:\/\/reachinside.co.uk\/en\/wp-json\/wp\/v2\/pages\/350","targetHints":{"allow":["GET"]}}],"collection":[{"href":"https:\/\/reachinside.co.uk\/en\/wp-json\/wp\/v2\/pages"}],"about":[{"href":"https:\/\/reachinside.co.uk\/en\/wp-json\/wp\/v2\/types\/page"}],"author":[{"embeddable":true,"href":"https:\/\/reachinside.co.uk\/en\/wp-json\/wp\/v2\/users\/2"}],"replies":[{"embeddable":true,"href":"https:\/\/reachinside.co.uk\/en\/wp-json\/wp\/v2\/comments?post=350"}],"version-history":[{"count":13,"href":"https:\/\/reachinside.co.uk\/en\/wp-json\/wp\/v2\/pages\/350\/revisions"}],"predecessor-version":[{"id":615,"href":"https:\/\/reachinside.co.uk\/en\/wp-json\/wp\/v2\/pages\/350\/revisions\/615"}],"wp:attachment":[{"href":"https:\/\/reachinside.co.uk\/en\/wp-json\/wp\/v2\/media?parent=350"}],"curies":[{"name":"wp","href":"https:\/\/api.w.org\/{rel}","templated":true}]}}