{"id":247,"date":"2023-09-19T08:51:24","date_gmt":"2023-09-19T07:51:24","guid":{"rendered":"http:\/\/s714366143.websitehome.co.uk\/reachinside\/?page_id=247"},"modified":"2025-12-05T15:15:13","modified_gmt":"2025-12-05T15:15:13","slug":"o-agacie-z-reach-inside","status":"publish","type":"page","link":"https:\/\/reachinside.co.uk\/en\/o-agacie-z-reach-inside\/","title":{"rendered":"About Agata from Reach Inside"},"content":{"rendered":"<div data-elementor-type=\"wp-page\" data-elementor-id=\"247\" class=\"elementor elementor-247\" data-elementor-post-type=\"page\">\n\t\t\t\t\t\t<section class=\"elementor-section elementor-top-section elementor-element elementor-element-1af48b46 elementor-section-full_width elementor-section-content-middle elementor-reverse-tablet elementor-section-height-default elementor-section-height-default\" data-id=\"1af48b46\" data-element_type=\"section\" data-e-type=\"section\">\n\t\t\t\t\t\t<div class=\"elementor-container elementor-column-gap-no\">\n\t\t\t\t\t<div class=\"elementor-column elementor-col-50 elementor-top-column elementor-element elementor-element-42c8376\" data-id=\"42c8376\" data-element_type=\"column\" data-e-type=\"column\" data-settings=\"{&quot;background_background&quot;:&quot;classic&quot;}\">\n\t\t\t<div class=\"elementor-widget-wrap elementor-element-populated\">\n\t\t\t\t\t<div class=\"elementor-background-overlay\"><\/div>\n\t\t\t\t\t\t<div class=\"elementor-element elementor-element-c3b3dcb elementor-widget elementor-widget-image\" data-id=\"c3b3dcb\" data-element_type=\"widget\" data-e-type=\"widget\" data-widget_type=\"image.default\">\n\t\t\t\t\t\t\t\t\t\t\t\t\t\t\t<img fetchpriority=\"high\" decoding=\"async\" width=\"800\" height=\"798\" src=\"https:\/\/reachinside.co.uk\/wp-content\/uploads\/2023\/11\/394743275_3553103351599660_350776517681204727_n.jpg\" class=\"attachment-large size-large wp-image-560\" alt=\"terape\u0142ta-holistyczny-agata\" srcset=\"https:\/\/reachinside.co.uk\/wp-content\/uploads\/2023\/11\/394743275_3553103351599660_350776517681204727_n.jpg 960w, https:\/\/reachinside.co.uk\/wp-content\/uploads\/2023\/11\/394743275_3553103351599660_350776517681204727_n-300x300.jpg 300w, https:\/\/reachinside.co.uk\/wp-content\/uploads\/2023\/11\/394743275_3553103351599660_350776517681204727_n-150x150.jpg 150w, https:\/\/reachinside.co.uk\/wp-content\/uploads\/2023\/11\/394743275_3553103351599660_350776517681204727_n-768x766.jpg 768w\" sizes=\"(max-width: 800px) 100vw, 800px\" \/>\t\t\t\t\t\t\t\t\t\t\t\t\t\t\t<\/div>\n\t\t\t\t\t<\/div>\n\t\t<\/div>\n\t\t\t\t<div class=\"elementor-column elementor-col-50 elementor-top-column elementor-element elementor-element-4093c87a\" data-id=\"4093c87a\" data-element_type=\"column\" data-e-type=\"column\">\n\t\t\t<div class=\"elementor-widget-wrap elementor-element-populated\">\n\t\t\t\t\t\t<div class=\"elementor-element elementor-element-79e57d81 elementor-widget elementor-widget-heading\" data-id=\"79e57d81\" data-element_type=\"widget\" data-e-type=\"widget\" data-widget_type=\"heading.default\">\n\t\t\t\t\t<h1 class=\"elementor-heading-title elementor-size-default\">Agata Holistic Therapist<\/h1>\t\t\t\t<\/div>\n\t\t\t\t<div class=\"elementor-element elementor-element-1d8acf3b elementor-widget elementor-widget-text-editor\" data-id=\"1d8acf3b\" data-element_type=\"widget\" data-e-type=\"widget\" data-widget_type=\"text-editor.default\">\n\t\t\t\t\t\t\t\t\t<p>\u00a0 \u00a0 \u00a0 Jestem Facilitatorem Recall Healing\/ Totalnej Biologii oraz psychoterapeutk\u0105 energosensytywn\u0105.\u00a0<\/p><p>\u00a0 \u00a0 \u00a0 Jako terapeutka psychosomatyczn specjalizuj\u0119 si\u0119 w somatyce Kobiecego \u0141ona i Yoni Reclamation.<\/p><p>\u00a0 \u00a0 \u00a0 Dodatkowo poruszam si\u0119 w obszarach councellingu, life coachingu, psychologii zmiany, psychobiohackingu oraz zg\u0142\u0119biam tajniki fizyki kwantowej.\u00a0<\/p><p>\u00a0 \u00a0 \u00a0Obecnie w trakcie certyfikacji <em><strong>Spinal Flow Technique<\/strong>\u00a0<\/em>dr Carly Axford z Australii oraz\u00a0<em><strong>Regresu Pozaj Dusz\u0119.\u00a0<\/strong><\/em><\/p><p>Poza moj\u0105 zawodow\u0105 pasj\u0105 jestem r\u00f3wnie\u017c kobiet\u0105, matk\u0105, \u017con\u0105, siostr\u0105, c\u00f3rk\u0105 i przyjaci\u00f3\u0142k\u0105- jednym s\u0142owem, jedn\u0105 z Was.\u00a0<\/p>\t\t\t\t\t\t\t\t<\/div>\n\t\t\t\t<div class=\"elementor-element elementor-element-1de63e83 elementor-widget elementor-widget-text-editor\" data-id=\"1de63e83\" data-element_type=\"widget\" data-e-type=\"widget\" data-widget_type=\"text-editor.default\">\n\t\t\t\t\t\t\t\t\t<p>Zmagania i do\u015bwiadczenia z mojego wczesnego dzieci\u0144stwa skierowa\u0142y mnie na \u015bcie\u017ck\u0119 poszukiwa\u0144 g\u0142\u0119bszych odpowiedzi na \u017cyciowe pytania. Od zawsze wierzy\u0142am, \u017ce \u017cycie ma do zaoferowania co\u015b wi\u0119cej ni\u017c codzienn\u0105 rutyn\u0119, ci\u0119\u017ck\u0105 prac\u0119 i nieustanne zmartwienia.\u00a0 Wierzy\u0142am, \u017ce istnieje spos\u00f3b na prze\u0142amanie tego cyklu &#8211; na wyeliminowanie trigger\u00f3w, kt\u00f3re pozostawi\u0142y traumy oraz program\u00f3w, kt\u00f3re ograniczaj\u0105 i sprawiaj\u0105, \u017ce stoisz w miejscu&#8230; w kt\u00f3rym trzyma cie l\u0119k.<\/p>\t\t\t\t\t\t\t\t<\/div>\n\t\t\t\t<div class=\"elementor-element elementor-element-766c80d6 elementor-widget elementor-widget-text-editor\" data-id=\"766c80d6\" data-element_type=\"widget\" data-e-type=\"widget\" data-widget_type=\"text-editor.default\">\n\t\t\t\t\t\t\t\t\t<p>My years of searching, deep introspection, and self-work have yielded results that transformed my life and the lives of my family. What I discovered exceeded my wildest expectations.\u00a0<\/p><p>\u00a0Dzi\u015b przekszta\u0142cam to w terapeutyczne narz\u0119dzia, kt\u00f3re wspar\u0142y ju\u017c setki istnie\u0144.\u00a0<\/p>\t\t\t\t\t\t\t\t<\/div>\n\t\t\t\t<div class=\"elementor-element elementor-element-e8c803f elementor-widget elementor-widget-text-editor\" data-id=\"e8c803f\" data-element_type=\"widget\" data-e-type=\"widget\" data-widget_type=\"text-editor.default\">\n\t\t\t\t\t\t\t\t\t<p>Chc\u0119 podzieli\u0107 si\u0119 z Tob\u0105 zdobyt\u0105 wiedz\u0105 i do\u015bwiadczeniem, aby\u015b m\u00f3g\u0142 wprowadzi\u0107 do swojego \u017cycia now\u0105 jako\u015b\u0107 \u2014 \u017cy\u0107 pe\u0142niej, zdrowiej i bardziej autentycznie. Pragn\u0119, aby\u015b zrozumia\u0142 g\u0142\u0119bok\u0105 prawd\u0119 ukryt\u0105 w s\u0142owach: \u201eto, co w \u015brodku, tworzy to, co na zewn\u0105trz\u201d.<\/p>\t\t\t\t\t\t\t\t<\/div>\n\t\t\t\t<div class=\"elementor-element elementor-element-4f50358 elementor-widget elementor-widget-text-editor\" data-id=\"4f50358\" data-element_type=\"widget\" data-e-type=\"widget\" data-widget_type=\"text-editor.default\">\n\t\t\t\t\t\t\t\t\t<p>\u00a0 \u00a0 \u00a0 Ka\u017cd\u0105 metod\u0119 i ka\u017cde narz\u0119dzie, z kt\u00f3rych dzi\u015b korzystam, najpierw przesz\u0142am sama \u2014 do\u015bwiadczy\u0142am ich na w\u0142asnym ciele i sercu. Dlatego z pe\u0142nym spokojem i przekonaniem mog\u0119 powiedzie\u0107, \u017ce to, co oferuj\u0119, naprawd\u0119 dzia\u0142a.<\/p>\t\t\t\t\t\t\t\t<\/div>\n\t\t\t\t\t<\/div>\n\t\t<\/div>\n\t\t\t\t\t<\/div>\n\t\t<\/section>\n\t\t\t\t<section class=\"elementor-section elementor-top-section elementor-element elementor-element-05a92c8 elementor-section-full_width elementor-section-content-middle elementor-reverse-tablet elementor-reverse-mobile elementor-section-height-default elementor-section-height-default\" data-id=\"05a92c8\" data-element_type=\"section\" data-e-type=\"section\">\n\t\t\t\t\t\t<div class=\"elementor-container elementor-column-gap-no\">\n\t\t\t\t\t<div class=\"elementor-column elementor-col-50 elementor-top-column elementor-element elementor-element-9e124a2\" data-id=\"9e124a2\" data-element_type=\"column\" data-e-type=\"column\">\n\t\t\t<div class=\"elementor-widget-wrap elementor-element-populated\">\n\t\t\t\t\t\t<div class=\"elementor-element elementor-element-9633141 elementor-widget elementor-widget-heading\" data-id=\"9633141\" data-element_type=\"widget\" data-e-type=\"widget\" data-widget_type=\"heading.default\">\n\t\t\t\t\t<h1 class=\"elementor-heading-title elementor-size-default\">My Motto<\/h1>\t\t\t\t<\/div>\n\t\t\t\t<div class=\"elementor-element elementor-element-bdf8f56 elementor-widget elementor-widget-text-editor\" data-id=\"bdf8f56\" data-element_type=\"widget\" data-e-type=\"widget\" data-widget_type=\"text-editor.default\">\n\t\t\t\t\t\t\t\t\t<p class=\" translation-block\"><strong>\"So come on, paint your world...\"<\/strong> - these words from the song by the band Dwa Plus Jeden remind us of the beauty and colors that we can bring into our lives ourselves. Each of us has the resources to create a masterpiece that is unique in its own way.<\/p>\t\t\t\t\t\t\t\t<\/div>\n\t\t\t\t<div class=\"elementor-element elementor-element-715954b elementor-widget elementor-widget-text-editor\" data-id=\"715954b\" data-element_type=\"widget\" data-e-type=\"widget\" data-widget_type=\"text-editor.default\">\n\t\t\t\t\t\t\t\t\t<p>Together, we can give your life new hues, fill it with light, love, happiness, acceptance, and joy. Don't wait. Start this journey with me here and now. Become the change you wish to see in the world. Open yourself to unlimited possibilities and allow yourself to create each day according to your own vision.<\/p>\t\t\t\t\t\t\t\t<\/div>\n\t\t\t\t\t<\/div>\n\t\t<\/div>\n\t\t\t\t<div class=\"elementor-column elementor-col-50 elementor-top-column elementor-element elementor-element-bb11c6e\" data-id=\"bb11c6e\" data-element_type=\"column\" data-e-type=\"column\" data-settings=\"{&quot;background_background&quot;:&quot;classic&quot;}\">\n\t\t\t<div class=\"elementor-widget-wrap elementor-element-populated\">\n\t\t\t\t\t<div class=\"elementor-background-overlay\"><\/div>\n\t\t\t\t\t\t<div class=\"elementor-element elementor-element-aab03ac elementor-widget elementor-widget-image\" data-id=\"aab03ac\" data-element_type=\"widget\" data-e-type=\"widget\" data-widget_type=\"image.default\">\n\t\t\t\t\t\t\t\t\t\t\t\t\t\t\t<img decoding=\"async\" width=\"675\" height=\"675\" src=\"https:\/\/reachinside.co.uk\/wp-content\/uploads\/2023\/09\/Projekt-bez-nazwy.jpg\" class=\"attachment-large size-large wp-image-275\" alt=\"\" srcset=\"https:\/\/reachinside.co.uk\/wp-content\/uploads\/2023\/09\/Projekt-bez-nazwy.jpg 675w, https:\/\/reachinside.co.uk\/wp-content\/uploads\/2023\/09\/Projekt-bez-nazwy-300x300.jpg 300w, https:\/\/reachinside.co.uk\/wp-content\/uploads\/2023\/09\/Projekt-bez-nazwy-150x150.jpg 150w\" sizes=\"(max-width: 675px) 100vw, 675px\" \/>\t\t\t\t\t\t\t\t\t\t\t\t\t\t\t<\/div>\n\t\t\t\t\t<\/div>\n\t\t<\/div>\n\t\t\t\t\t<\/div>\n\t\t<\/section>\n\t\t\t\t<\/div>","protected":false},"excerpt":{"rendered":"<p>Agata Terapeutka Holistyczna \u00a0 \u00a0 \u00a0 Jestem Facilitatorem Recall Healing\/ Totalnej Biologii oraz psychoterapeutk\u0105 energosensytywn\u0105.\u00a0 \u00a0 \u00a0 \u00a0 Jako terapeutka psychosomatyczn specjalizuj\u0119 si\u0119 w somatyce Kobiecego \u0141ona i Yoni Reclamation. \u00a0 \u00a0 \u00a0 Dodatkowo poruszam si\u0119 w obszarach councellingu, life coachingu, psychologii zmiany, psychobiohackingu oraz zg\u0142\u0119biam tajniki fizyki kwantowej.\u00a0 \u00a0 \u00a0 \u00a0Obecnie w trakcie certyfikacji [&hellip;]<\/p>\n","protected":false},"author":2,"featured_media":0,"parent":0,"menu_order":0,"comment_status":"closed","ping_status":"closed","template":"","meta":{"footnotes":""},"class_list":["post-247","page","type-page","status-publish","hentry"],"_links":{"self":[{"href":"https:\/\/reachinside.co.uk\/en\/wp-json\/wp\/v2\/pages\/247","targetHints":{"allow":["GET"]}}],"collection":[{"href":"https:\/\/reachinside.co.uk\/en\/wp-json\/wp\/v2\/pages"}],"about":[{"href":"https:\/\/reachinside.co.uk\/en\/wp-json\/wp\/v2\/types\/page"}],"author":[{"embeddable":true,"href":"https:\/\/reachinside.co.uk\/en\/wp-json\/wp\/v2\/users\/2"}],"replies":[{"embeddable":true,"href":"https:\/\/reachinside.co.uk\/en\/wp-json\/wp\/v2\/comments?post=247"}],"version-history":[{"count":94,"href":"https:\/\/reachinside.co.uk\/en\/wp-json\/wp\/v2\/pages\/247\/revisions"}],"predecessor-version":[{"id":1190,"href":"https:\/\/reachinside.co.uk\/en\/wp-json\/wp\/v2\/pages\/247\/revisions\/1190"}],"wp:attachment":[{"href":"https:\/\/reachinside.co.uk\/en\/wp-json\/wp\/v2\/media?parent=247"}],"curies":[{"name":"wp","href":"https:\/\/api.w.org\/{rel}","templated":true}]}}